{"id":1324,"date":"2018-09-17T11:06:28","date_gmt":"2018-09-17T09:06:28","guid":{"rendered":"https:\/\/cca-nations.otaku.cloud\/?page_id=1324"},"modified":"2023-01-13T08:39:04","modified_gmt":"2023-01-13T07:39:04","slug":"home","status":"publish","type":"page","link":"https:\/\/cca-nations.org\/fr\/home\/","title":{"rendered":"Home"},"content":{"rendered":"<p>[vc_row content_placement=&#8221;middle&#8221;][vc_column][vc_single_image image=&#8221;2129&#8243; img_size=&#8221;full&#8221; alignment=&#8221;right&#8221;][\/vc_column][\/vc_row][vc_row el_class=&#8221;language&#8221; css=&#8221;.vc_custom_1537274488217{padding-top: 20px !important;}&#8221;][vc_column width=&#8221;1\/2&#8243;][vc_single_image image=&#8221;2101&#8243; img_size=&#8221;full&#8221;][vc_column_text]<\/p>\n<h3>BIENVENU<\/h3>\n<div class=\"t pg-1m0 pg-1x1 pg-1h2 pg-1y1 pg-1ff1 pg-1fs0 pg-1fc0 pg-1sc0 pg-1ls0 pg-1ws0\">Bienvenu sur le site de l\u2019\u00e9glise Centre Chr\u00e9tien Agape.<\/div>\n<div class=\"t pg-1m0 pg-1x1 pg-1h2 pg-1y2 pg-1ff1 pg-1fs0 pg-1fc0 pg-1sc0 pg-1ls0 pg-1ws0\">Nous vous invitons \u00e0 prendre quelques instants pour d\u00e9couvrir qui nous sommes et ce que nous<\/div>\n<div class=\"t pg-1m0 pg-1x1 pg-1h2 pg-1y3 pg-1ff1 pg-1fs0 pg-1fc0 pg-1sc0 pg-1ls0 pg-1ws0\">faisons.<\/div>\n<div class=\"t pg-1m0 pg-1x1 pg-1h2 pg-1y4 pg-1ff1 pg-1fs0 pg-1fc0 pg-1sc0 pg-1ls0 pg-1ws0\">Si nous avons \u00e9veill\u00e9 votre int\u00e9r\u00eat vous avez la possibilit\u00e9 de participer \u00e0 notre culte ou \u00e0 l\u2019une de nos<\/div>\n<div class=\"t pg-1m0 pg-1x1 pg-1h2 pg-1y5 pg-1ff1 pg-1fs0 pg-1fc0 pg-1sc0 pg-1ls0 pg-1ws0\">activit\u00e9s. Ce serait un plaisir pour nous de faire votre connaissance\/de vous rencontrer.<\/div>\n<div class=\"t pg-1m0 pg-1x1 pg-1h2 pg-1y6 pg-1ff1 pg-1fs0 pg-1fc0 pg-1sc0 pg-1ls0 pg-1ws0\">Nous vous souhaitons beaucoup de plaisir dans votre d\u00e9couverte!<\/div>\n<div class=\"t pg-1m0 pg-1x1 pg-1h2 pg-1y7 pg-1ff1 pg-1fs0 pg-1fc0 pg-1sc0 pg-1ls0 pg-1ws0\">Que Dieu vous b\u00e9nisse !<\/div>\n<p>[\/vc_column_text][\/vc_column][vc_column width=&#8221;1\/2&#8243;][vc_column_text]<\/p>\n<h4 class=\"widget-title\">Kommende Events:<\/h4>\n<p>[\/vc_column_text]<div class=\"mec-wrap mec-skin-list-container  \" id=\"mec_skin_1789\">\r\n    \r\n    \r\n            <div class=\"mec-skin-list-events-container\" id=\"mec_skin_events_1789\">\r\n        <div class=\"mec-wrap \">\r\n\t<div class=\"mec-event-list-minimal\">\r\n\t\t\r\n            \r\n                        <article class=\"mec-past-event mec-event-article  mec-clear  mec-divider-toggle mec-toggle-202604-1789\" itemscope>\r\n                                                        <div class=\"col-md-9 col-sm-9\">\r\n\r\n                                                <div class=\"mec-event-date mec-bg-color\">\r\n                            <span>08<\/span>\r\n                            Avr                        <\/div>\r\n                        \r\n                                                <h4 class=\"mec-event-title\"><a class=\"mec-color-hover\"  data-event-id=\"1879\" href=\"https:\/\/cca-nations.org\/fr\/archiv\/frauentreffen-2\/\" target=\"_self\" rel=\"noopener\">Frauentreffen<\/a><span class=\"event-color\" style=\"background: #e14d43\"><\/span><\/h4>\r\n                        <div class=\"mec-event-detail\">\r\n                            mercredi                         <\/div>\r\n                                                                                                                    <\/div>\r\n                    <div class=\"col-md-3 col-sm-3 btn-wrapper\"><a class=\"mec-detail-button\"  data-event-id=\"1879\" href=\"https:\/\/cca-nations.org\/fr\/archiv\/frauentreffen-2\/\" target=\"_self\" rel=\"noopener\">EVENT DETAIL<\/a><\/div>\r\n                            <\/article>\r\n            \t\t\r\n            \r\n                        <article class=\"mec-past-event mec-event-article  mec-clear  mec-divider-toggle mec-toggle-202604-1789\" itemscope>\r\n                                                        <div class=\"col-md-9 col-sm-9\">\r\n\r\n                                                <div class=\"mec-event-date mec-bg-color\">\r\n                            <span>10<\/span>\r\n                            Avr                        <\/div>\r\n                        \r\n                                                <h4 class=\"mec-event-title\"><a class=\"mec-color-hover\"  data-event-id=\"2203\" href=\"https:\/\/cca-nations.org\/fr\/archiv\/hope-school\/\" target=\"_self\" rel=\"noopener\">Hope School<\/a><span class=\"event-color\" style=\"background: #a3b745\"><\/span><\/h4>\r\n                        <div class=\"mec-event-detail\">\r\n                            vendredi                         <\/div>\r\n                                                                                                                    <\/div>\r\n                    <div class=\"col-md-3 col-sm-3 btn-wrapper\"><a class=\"mec-detail-button\"  data-event-id=\"2203\" href=\"https:\/\/cca-nations.org\/fr\/archiv\/hope-school\/\" target=\"_self\" rel=\"noopener\">EVENT DETAIL<\/a><\/div>\r\n                            <\/article>\r\n            \t\t\r\n            \r\n                        <article class=\"mec-past-event mec-event-article  mec-clear  mec-divider-toggle mec-toggle-202604-1789\" itemscope>\r\n                                                        <div class=\"col-md-9 col-sm-9\">\r\n\r\n                                                <div class=\"mec-event-date mec-bg-color\">\r\n                            <span>12<\/span>\r\n                            Avr                        <\/div>\r\n                        \r\n                                                <h4 class=\"mec-event-title\"><a class=\"mec-color-hover\"  data-event-id=\"1893\" href=\"https:\/\/cca-nations.org\/fr\/archiv\/gottesdienst-culte\/\" target=\"_self\" rel=\"noopener\">Gottesdienst<\/a><span class=\"event-color\" style=\"background: #00a0d2\"><\/span><\/h4>\r\n                        <div class=\"mec-event-detail\">\r\n                            dimanche                         <\/div>\r\n                                                                                                                    <\/div>\r\n                    <div class=\"col-md-3 col-sm-3 btn-wrapper\"><a class=\"mec-detail-button\"  data-event-id=\"1893\" href=\"https:\/\/cca-nations.org\/fr\/archiv\/gottesdienst-culte\/\" target=\"_self\" rel=\"noopener\">EVENT DETAIL<\/a><\/div>\r\n                            <\/article>\r\n            \t\t\r\n            \r\n                        <article class=\"mec-past-event mec-event-article  mec-clear  mec-divider-toggle mec-toggle-202604-1789\" itemscope>\r\n                                                        <div class=\"col-md-9 col-sm-9\">\r\n\r\n                                                <div class=\"mec-event-date mec-bg-color\">\r\n                            <span>17<\/span>\r\n                            Avr                        <\/div>\r\n                        \r\n                                                <h4 class=\"mec-event-title\"><a class=\"mec-color-hover\"  data-event-id=\"2203\" href=\"https:\/\/cca-nations.org\/fr\/archiv\/hope-school\/\" target=\"_self\" rel=\"noopener\">Hope School<\/a><span class=\"event-color\" style=\"background: #a3b745\"><\/span><\/h4>\r\n                        <div class=\"mec-event-detail\">\r\n                            vendredi                         <\/div>\r\n                                                                                                                    <\/div>\r\n                    <div class=\"col-md-3 col-sm-3 btn-wrapper\"><a class=\"mec-detail-button\"  data-event-id=\"2203\" href=\"https:\/\/cca-nations.org\/fr\/archiv\/hope-school\/\" target=\"_self\" rel=\"noopener\">EVENT DETAIL<\/a><\/div>\r\n                            <\/article>\r\n            \t\t\r\n            \r\n                        <article class=\"mec-past-event mec-event-article  mec-clear  mec-divider-toggle mec-toggle-202604-1789\" itemscope>\r\n                                                        <div class=\"col-md-9 col-sm-9\">\r\n\r\n                                                <div class=\"mec-event-date mec-bg-color\">\r\n                            <span>19<\/span>\r\n                            Avr                        <\/div>\r\n                        \r\n                                                <h4 class=\"mec-event-title\"><a class=\"mec-color-hover\"  data-event-id=\"1893\" href=\"https:\/\/cca-nations.org\/fr\/archiv\/gottesdienst-culte\/\" target=\"_self\" rel=\"noopener\">Gottesdienst<\/a><span class=\"event-color\" style=\"background: #00a0d2\"><\/span><\/h4>\r\n                        <div class=\"mec-event-detail\">\r\n                            dimanche                         <\/div>\r\n                                                                                                                    <\/div>\r\n                    <div class=\"col-md-3 col-sm-3 btn-wrapper\"><a class=\"mec-detail-button\"  data-event-id=\"1893\" href=\"https:\/\/cca-nations.org\/fr\/archiv\/gottesdienst-culte\/\" target=\"_self\" rel=\"noopener\">EVENT DETAIL<\/a><\/div>\r\n                            <\/article>\r\n            \t\t\t<\/div>\r\n<\/div>\r\n\r\n    <\/div>\r\n    <div class=\"mec-skin-list-no-events-container mec-util-hidden\" id=\"mec_skin_no_events_1789\">\r\n        No event found!    <\/div>\r\n        \r\n        <div class=\"mec-load-more-wrap\"><div class=\"mec-load-more-button \">Load More<\/div><\/div>\r\n        \r\n<\/div>[\/vc_column][\/vc_row][vc_row][vc_column][vc_column_text]<\/p>\n<h2><strong>VERSET DU JOUR<\/strong><\/h2>\n<h5 class=\"spanH1\"><strong>proverbes 21, 21<\/strong><\/h5>\n<h6>Qui cherche \u00e0 \u00eatre juste et bienveillant trouvera la vie, il sera trait\u00e9 avec justice et honor\u00e9.<\/h6>\n<p>[\/vc_column_text][\/vc_column][\/vc_row][vc_row][vc_column][vc_column_text]<\/p>\n<h4><\/h4>\n<h4><\/h4>\n<h4><\/h4>\n<p>&nbsp;<\/p>\n<h4><strong>PROJET &#8211; LA CONSTRUCTION DE LA NOUVELLE \u00c9GLISE<\/strong><\/h4>\n<p>[\/vc_column_text][\/vc_column][\/vc_row][vc_row][vc_column width=&#8221;5\/6&#8243;][vc_single_image image=&#8221;2078&#8243; img_size=&#8221;full&#8221; alignment=&#8221;center&#8221;][\/vc_column][vc_column width=&#8221;1\/6&#8243;]<div class=\" ubtn-ctn-left \"><a class=\"ubtn-link ult-adjust-bottom-margin ubtn-left ubtn-normal \" href=\"https:\/\/cca-nations.org\/fr\/projekte\/\" target=\"_blank\" rel=\"noopener\" ><button type=\"button\" id=\"ubtn-6009\"  class=\"ubtn ult-adjust-bottom-margin ult-responsive ubtn-normal ubtn-no-hover-bg  ulta-grow  ubtn-left   tooltip-69d645e90715a\"  data-hover=\"#eeee22\" data-border-color=\"\" data-bg=\"#2a6606\" data-hover-bg=\"\" data-border-hover=\"\" data-shadow-hover=\"\" data-shadow-click=\"none\" data-shadow=\"\" data-shd-shadow=\"\"  data-ultimate-target='#ubtn-6009'  data-responsive-json-new='{\"font-size\":\"\",\"line-height\":\"\"}'  style=\"font-weight:normal;border:none;background: #2a6606;color: #ffffff;\"><span class=\"ubtn-hover\" style=\"background-color:\"><\/span><span class=\"ubtn-data ubtn-text \" >Nous soutenir PAYPAL<\/span><\/button><\/a><\/div>[\/vc_column][\/vc_row][vc_row el_class=&#8221;language&#8221; css=&#8221;.vc_custom_1537274488217{padding-top: 20px !important;}&#8221;][vc_column][vc_column_text]<\/p>\n<h2 style=\"text-align: center;\">UNSERE PARTNER<\/h2>\n<p>[\/vc_column_text][vc_single_image image=&#8221;613&#8243; img_size=&#8221;full&#8221; alignment=&#8221;center&#8221;][\/vc_column][\/vc_row]<\/p>\n","protected":false},"excerpt":{"rendered":"<p>[vc_row content_placement=&#8221;middle&#8221;][vc_column][vc_single_image image=&#8221;2129&#8243; img_size=&#8221;full&#8221; alignment=&#8221;right&#8221;][\/vc_column][\/vc_row][vc_row el_class=&#8221;language&#8221; css=&#8221;.vc_custom_1537274488217{padding-top: 20px !important;}&#8221;][vc_column width=&#8221;1\/2&#8243;][vc_single_image image=&#8221;2101&#8243; img_size=&#8221;full&#8221;][vc_column_text] BIENVENU Bienvenu sur le site de l\u2019\u00e9glise Centre Chr\u00e9tien Agape. Nous vous invitons \u00e0 prendre quelques instants pour d\u00e9couvrir qui nous sommes et ce que nous faisons. Si nous avons \u00e9veill\u00e9 votre int\u00e9r\u00eat vous avez la possibilit\u00e9 de participer \u00e0 notre culte ou&#8230;<\/p>\n","protected":false},"author":4,"featured_media":0,"parent":0,"menu_order":0,"comment_status":"closed","ping_status":"closed","template":"","meta":{"_kadence_starter_templates_imported_post":false,"_kad_post_transparent":"","_kad_post_title":"","_kad_post_layout":"","_kad_post_sidebar_id":"","_kad_post_content_style":"","_kad_post_vertical_padding":"","_kad_post_feature":"","_kad_post_feature_position":"","_kad_post_header":false,"_kad_post_footer":false,"_kad_post_classname":"","footnotes":""},"class_list":["post-1324","page","type-page","status-publish","hentry"],"_links":{"self":[{"href":"https:\/\/cca-nations.org\/fr\/wp-json\/wp\/v2\/pages\/1324","targetHints":{"allow":["GET"]}}],"collection":[{"href":"https:\/\/cca-nations.org\/fr\/wp-json\/wp\/v2\/pages"}],"about":[{"href":"https:\/\/cca-nations.org\/fr\/wp-json\/wp\/v2\/types\/page"}],"author":[{"embeddable":true,"href":"https:\/\/cca-nations.org\/fr\/wp-json\/wp\/v2\/users\/4"}],"replies":[{"embeddable":true,"href":"https:\/\/cca-nations.org\/fr\/wp-json\/wp\/v2\/comments?post=1324"}],"version-history":[{"count":5,"href":"https:\/\/cca-nations.org\/fr\/wp-json\/wp\/v2\/pages\/1324\/revisions"}],"predecessor-version":[{"id":2191,"href":"https:\/\/cca-nations.org\/fr\/wp-json\/wp\/v2\/pages\/1324\/revisions\/2191"}],"wp:attachment":[{"href":"https:\/\/cca-nations.org\/fr\/wp-json\/wp\/v2\/media?parent=1324"}],"curies":[{"name":"wp","href":"https:\/\/api.w.org\/{rel}","templated":true}]}}