{"id":1342,"date":"2018-09-17T14:12:27","date_gmt":"2018-09-17T12:12:27","guid":{"rendered":"https:\/\/cca-nations.otaku.cloud\/?page_id=1342"},"modified":"2021-08-31T19:16:19","modified_gmt":"2021-08-31T17:16:19","slug":"spenden","status":"publish","type":"page","link":"https:\/\/cca-nations.org\/fr\/spenden\/","title":{"rendered":"Nous soutenir"},"content":{"rendered":"<p>[vc_row][vc_column][vc_column_text]{:de}[\/vc_column_text][\/vc_column][\/vc_row][vc_row el_class=&#8221;language&#8221;][vc_column][vc_column_text]<\/p>\n<p style=\"text-align: center;\">\t<div id=\"give-form-1054-wrap\" class=\"give-form-wrap give-display-onpage\">\n\t\t<h2 class=\"give-form-title\">Spenden<\/h2><div id=\"give-form-content-1054\" class=\"give-form-content-wrap give_pre_form-content\"><p style=\"text-align: center\">Unsere Gemeinde Arbeit tr\u00e4gt sich ausschlie\u00dflich durch Spenden. Jeder Betrag, den Du uns geben kannst, hilft uns, unsere Arbeit zu tun. Vielen Dank!<br \/>\nWenn Du m\u00f6chtest, erh\u00e4ltst Du von uns eine Spendenbescheinigung.<\/p>\n<\/div>\t\t\t<form id=\"give-form-1054-1\" class=\"give-form give-form-1054 give-form-type-set\" action=\"https:\/\/cca-nations.org\/fr\/wp-json\/wp\/v2\/pages\/1342\/?payment-mode=offline&form-id=1054\" data-id=\"1054-1\" data-currency_symbol=\"&euro;\" data-currency_code=\"EUR\" data-currency_position=\"after\" data-thousands_separator=\",\" data-decimal_separator=\".\" data-number_decimals=\"2\" method=\"post\">\n\t\t\t\t<!-- The following field is for robots only, invisible to humans: -->\n\t\t\t\t<span class=\"give-hidden\" style=\"display: none !important;\">\n\t\t\t\t\t<label for=\"give-form-honeypot-1054\"><\/label>\n\t\t\t\t\t<input id=\"give-form-honeypot-1054\" type=\"text\" name=\"give-honeypot\"\n\t\t\t\t\t\t   class=\"give-honeypot give-hidden\"\/>\n\t\t\t\t<\/span>\n\n\t\t\t\t\t<input type=\"hidden\" name=\"give-form-id-prefix\" value=\"1054-1\"\/>\n\t<input type=\"hidden\" name=\"give-form-id\" value=\"1054\"\/>\n\t<input type=\"hidden\" name=\"give-form-title\" value=\"Spenden\"\/>\n\t<input type=\"hidden\" name=\"give-current-url\" value=\"https:\/\/cca-nations.org\/fr\/wp-json\/wp\/v2\/pages\/1342\/\"\/>\n\t<input type=\"hidden\" name=\"give-form-url\" value=\"https:\/\/cca-nations.org\/fr\/wp-json\/wp\/v2\/pages\/1342\/\"\/>\n\t\t\t<input type=\"hidden\" name=\"give-form-minimum\"\n\t\t\t   value=\"0.01\"\/>\n\t\t<input type=\"hidden\" name=\"give-form-maximum\"\n\t\t\t   value=\"999999.99\"\/>\n\t\t<input type=\"hidden\"  name=\"give-form-hash\" value=\"455d42b1d0\" data-time=\"1778564811\" data-nonce-life=\"86400\" data-donor-session=\"0\"\/>\t\t<div class=\"give-total-wrap\">\n\t\t\t<div class=\"give-donation-amount form-row-wide\">\n\t\t\t\t\t\t\t\t<label class=\"give-hidden\" for=\"give-amount\">Montant du don\u00a0:<\/label>\n\t\t\t\t<input class=\"give-text-input give-amount-top\" id=\"give-amount\" name=\"give-amount\" type=\"text\" inputmode=\"decimal\"\n\t\t\t\t\t   placeholder=\"\" value=\"1.00\" autocomplete=\"off\">\n\t\t\t\t<span class=\"give-currency-symbol give-currency-position-after\">&euro;<\/span>\t\t\t<\/div>\n\t\t<\/div>\n\t\t\n\t<fieldset id=\"give-payment-mode-select\">\n\t\t\t\t<legend\n\t\t\tclass=\"give-payment-mode-label\">S\u00e9lectionnez un moyen de paiement\t\t\t<span class=\"give-loading-text\"><span\n\t\t\t\t\tclass=\"give-loading-animation\"><\/span>\n\t\t\t<\/span>\n\t\t<\/legend>\n\n\t\t<div id=\"give-payment-mode-wrap\">\n\t\t\t\t\t\t<ul id=\"give-gateway-radio-list\">\n\t\t\t\t\t\t\t\t\t\t<li class=\"give-gateway-option-selected\">\n\t\t\t\t\t\t\t<input type=\"radio\" name=\"payment-mode\" class=\"give-gateway\"\n\t\t\t\t\t\t\t\t   id=\"give-gateway-offline-1054-1\"\n\t\t\t\t\t\t\t\t   value=\"offline\" checked='checked'>\n\t\t\t\t\t\t\t<label for=\"give-gateway-offline-1054-1\"\n\t\t\t\t\t\t\t\t   class=\"give-gateway-option\"\n\t\t\t\t\t\t\t\t   id=\"give-gateway-option-offline\"> Don hors ligne<\/label>\n\t\t\t\t\t\t<\/li>\n\t\t\t\t\t\t\t\t\t\t\t\t<li>\n\t\t\t\t\t\t\t<input type=\"radio\" name=\"payment-mode\" class=\"give-gateway\"\n\t\t\t\t\t\t\t\t   id=\"give-gateway-paypal-1054-1\"\n\t\t\t\t\t\t\t\t   value=\"paypal\">\n\t\t\t\t\t\t\t<label for=\"give-gateway-paypal-1054-1\"\n\t\t\t\t\t\t\t\t   class=\"give-gateway-option\"\n\t\t\t\t\t\t\t\t   id=\"give-gateway-option-paypal\"> PayPal<\/label>\n\t\t\t\t\t\t<\/li>\n\t\t\t\t\t\t\t\t\t<\/ul>\n\t\t\t\t\t<\/div>\n\t\t\t<\/fieldset>\n\n\t\n\t<div id=\"give_purchase_form_wrap\">\n\n\t\t\t<fieldset id=\"give_checkout_user_info\" class=\"\">\n\t\t<legend>\n\t\t\tInformations personnelles\t\t<\/legend>\n\n\t\t\n        <p id=\"give-first-name-wrap\" class=\"form-row form-row-first form-row-responsive\">\n            <label class=\"give-label\" for=\"give-first\">\n                Pr\u00e9nom                                    <span class=\"give-required-indicator\">*<\/span>\n                                <span class=\"give-tooltip hint--top hint--medium hint--bounce\" aria-label=\"Le pr\u00e9nom est utilis\u00e9 pour personnaliser votre don.\" rel=\"tooltip\"><i class=\"give-icon give-icon-question\"><\/i><\/span>            <\/label>\n            <input\n                class=\"give-input required\"\n                type=\"text\"\n                name=\"give_first\"\n                autocomplete=\"given-name\"\n                placeholder=\"Pr\u00e9nom\"\n                id=\"give-first\"\n                value=\"\"\n                 required aria-required=\"true\"             \/>\n        <\/p>\n\n        <p id=\"give-last-name-wrap\" class=\"form-row form-row-last form-row-responsive\">\n            <label class=\"give-label\" for=\"give-last\">\n                Nom                                <span class=\"give-tooltip hint--top hint--medium hint--bounce\" aria-label=\"Le nom est utilis\u00e9 pour personnaliser votre don.\" rel=\"tooltip\"><i class=\"give-icon give-icon-question\"><\/i><\/span>            <\/label>\n\n            <input\n                class=\"give-input\"\n                type=\"text\"\n                name=\"give_last\"\n                autocomplete=\"family-name\"\n                id=\"give-last\"\n                placeholder=\"Nom\"\n                value=\"\"\n                            \/>\n        <\/p>\n\n        \n                <p id=\"give-email-wrap\" class=\"form-row form-row-wide\">\n            <label class=\"give-label\" for=\"give-email\">\n                Adresse e-mail                                    <span class=\"give-required-indicator\">*<\/span>\n                                    <span class=\"give-tooltip hint--top hint--medium hint--bounce\" aria-label=\"Le re\u00e7u de don sera envoy\u00e9 \u00e0 cette adresse.\" rel=\"tooltip\"><i class=\"give-icon give-icon-question\"><\/i><\/span>            <\/label>\n            <input\n                class=\"give-input required\"\n                type=\"email\"\n                name=\"give_email\"\n                autocomplete=\"email\"\n                placeholder=\"Adresse e-mail\"\n                id=\"give-email\"\n                value=\"\"\n                 required aria-required=\"true\"             \/>\n\n        <\/p>\n\n        \n\t\t\t\t\t<\/fieldset>\n\t\t<fieldset class=\"no-fields\" id=\"give_offline_payment_info\">\n\t\t<p>Spenden Bitte an :<\/p>\n<p>Kirche<\/p>\n<p>IBAN<\/p>\n<p>BIC<\/p>\n<p>BANK<\/p>\n\t<\/fieldset>\n\t\t<fieldset id=\"give_terms_agreement\">\n\t\t<legend>Termes<\/legend>\n\t\t<div id=\"give_terms\" class=\"give_terms-1054\" style=\"display:none;\">\n\t\t\t<p>Acceptance of any contribution, gift or grant is at the discretion of the cca-nations. The cca-nations will not accept any gift unless it can be used or expended consistently with the purpose and mission of the cca-nations.<\/p>\n<p>No irrevocable gift, whether outright or life-income in character, will be accepted if under any reasonable set of circumstances the gift would jeopardize the donor\u2019s financial security.<\/p>\n<p>The cca-nations will refrain from providing advice about the tax or other treatment of gifts and will encourage donors to seek guidance from their own professional advisers to assist them in the process of making their donation.<\/p>\n<p>The cca-nations will accept donations of cash or publicly traded securities. Gifts of in-kind services will be accepted at the discretion of the cca-nations.<\/p>\n<p>Certain other gifts, real property, personal property, in-kind gifts, non-liquid securities, and contributions whose sources are not transparent or whose use is restricted in some manner, must be reviewed prior to acceptance due to the special obligations raised or liabilities they may pose for cca-nations.<\/p>\n<p>The cca-nations will provide acknowledgments to donors meeting tax requirements for property received by the charity as a gift. However, except for gifts of cash and publicly traded securities, no value shall be ascribed to any receipt or other form of substantiation of a gift received by cca-nations.<\/p>\n<p>The cca-nations will respect the intent of the donor relating to gifts for restricted purposes and those relating to the desire to remain anonymous. With respect to anonymous gifts, the cca-nations will restrict information about the donor to only those staff members with a need to know.<\/p>\n<p>The cca-nations will not compensate, whether through commissions, finders' fees, or other means, any third party for directing a gift or a donor to the cca-nations.<\/p>\n\t\t<\/div>\n\t\t<div id=\"give_show_terms\">\n\t\t\t<a href=\"#\" class=\"give_terms_links give_terms_links-1054\" role=\"button\"\n\t\t\t   aria-controls=\"give_terms\">Montrer les termes<\/a>\n\t\t\t<a href=\"#\" class=\"give_terms_links give_terms_links-1054\" role=\"button\"\n\t\t\t   aria-controls=\"give_terms\" style=\"display:none;\">Masquer les termes<\/a>\n\t\t<\/div>\n\n\t\t<input name=\"give_agree_to_terms\" class=\"required\" type=\"checkbox\"\n\t\t\t   id=\"give_agree_to_terms-1054\" value=\"1\" required aria-required=\"true\"\/>\n\t\t<label for=\"give_agree_to_terms-1054\">Agree to Terms?<\/label>\n\n\t<\/fieldset>\n\t\t<fieldset id=\"give_purchase_submit\" class=\"give-donation-submit\">\n\t\t\t<p id=\"give-final-total-wrap\" class=\"form-wrap \">\n\t\t\t\t<span class=\"give-donation-total-label\">\n\t\t\tTotal du don\u00a0:\t\t<\/span>\n\t\t<span class=\"give-final-total-amount\"\n\t\t\t  data-total=\"1.00\">\n\t\t\t1.00&euro;\t\t<\/span>\n\t\t\t<\/p>\n\t\t<input type=\"hidden\" name=\"give_action\" value=\"purchase\"\/>\n\t<input type=\"hidden\" name=\"give-gateway\" value=\"offline\"\/>\n\t\t<div class=\"give-submit-button-wrap give-clearfix\">\n\t\t<input type=\"submit\" class=\"give-submit give-btn\" id=\"give-purchase-button\" name=\"give-purchase\"\n\t\t\t   value=\"Donnez maintenant\" data-before-validation-label=\"Donnez maintenant\"\/>\n\t\t<span class=\"give-loading-animation\"><\/span>\n\t<\/div>\n\t\t<\/fieldset>\n\t\n\t<\/div>\n\n\t\t\t\t<\/form>\n\n\t\t\t\n\t<\/div><!--end #give-form-1054-->\n\t<\/p>\n<p>[\/vc_column_text][\/vc_column][\/vc_row]<\/p>\n","protected":false},"excerpt":{"rendered":"<p>[vc_row][vc_column][vc_column_text]{:de}[\/vc_column_text][\/vc_column][\/vc_row][vc_row el_class=&#8221;language&#8221;][vc_column][vc_column_text] [\/vc_column_text][\/vc_column][\/vc_row]<\/p>\n","protected":false},"author":4,"featured_media":0,"parent":0,"menu_order":0,"comment_status":"closed","ping_status":"closed","template":"","meta":{"_kadence_starter_templates_imported_post":false,"_kad_post_transparent":"","_kad_post_title":"","_kad_post_layout":"","_kad_post_sidebar_id":"","_kad_post_content_style":"","_kad_post_vertical_padding":"","_kad_post_feature":"","_kad_post_feature_position":"","_kad_post_header":false,"_kad_post_footer":false,"_kad_post_classname":"","footnotes":""},"class_list":["post-1342","page","type-page","status-publish","hentry"],"_links":{"self":[{"href":"https:\/\/cca-nations.org\/fr\/wp-json\/wp\/v2\/pages\/1342","targetHints":{"allow":["GET"]}}],"collection":[{"href":"https:\/\/cca-nations.org\/fr\/wp-json\/wp\/v2\/pages"}],"about":[{"href":"https:\/\/cca-nations.org\/fr\/wp-json\/wp\/v2\/types\/page"}],"author":[{"embeddable":true,"href":"https:\/\/cca-nations.org\/fr\/wp-json\/wp\/v2\/users\/4"}],"replies":[{"embeddable":true,"href":"https:\/\/cca-nations.org\/fr\/wp-json\/wp\/v2\/comments?post=1342"}],"version-history":[{"count":4,"href":"https:\/\/cca-nations.org\/fr\/wp-json\/wp\/v2\/pages\/1342\/revisions"}],"predecessor-version":[{"id":2135,"href":"https:\/\/cca-nations.org\/fr\/wp-json\/wp\/v2\/pages\/1342\/revisions\/2135"}],"wp:attachment":[{"href":"https:\/\/cca-nations.org\/fr\/wp-json\/wp\/v2\/media?parent=1342"}],"curies":[{"name":"wp","href":"https:\/\/api.w.org\/{rel}","templated":true}]}}