{"id":1549,"date":"2018-09-26T21:04:45","date_gmt":"2018-09-26T19:04:45","guid":{"rendered":"https:\/\/cca-nations.otaku.cloud\/?page_id=1549"},"modified":"2018-10-09T23:22:46","modified_gmt":"2018-10-09T21:22:46","slug":"jugendgruppe","status":"publish","type":"page","link":"https:\/\/cca-nations.org\/fr\/jugendgruppe\/","title":{"rendered":"Le groupe de jeunes"},"content":{"rendered":"<p>[vc_section][vc_row][vc_column][vc_column_text]<\/p>\n<h1 class=\"entry-title\" style=\"text-align: center;\">Le groupe de jeunes<\/h1>\n<p>[\/vc_column_text][\/vc_column][\/vc_row][vc_row][vc_column width=&#8221;1\/3&#8243;][vc_single_image image=&#8221;1545&#8243; img_size=&#8221;full&#8221;][\/vc_column][vc_column width=&#8221;2\/3&#8243;][vc_column_text]Les jeunes se r\u00e9unissent tous les 3 ers samedis du mois. Nous sommes jeunes, nous suivons J\u00e9sus parce que nous l&#8217;aimons.<br \/>\nNous menons de nombreuses activit\u00e9s auxquelles nous t&#8217;invitons \u00e0 participer!<br \/>\nNos prochaines rencontres:<br \/>\nLe samedi 27 octobre 2017 \u00e0 15h00<\/p>\n<p>Kontakt: Nicky Nday 015784575844[\/vc_column_text][\/vc_column][\/vc_row][vc_row][vc_column width=&#8221;1\/3&#8243;][vc_single_image image=&#8221;789&#8243; img_size=&#8221;full&#8221;][vc_single_image image=&#8221;793&#8243; img_size=&#8221;full&#8221;][\/vc_column][vc_column width=&#8221;2\/3&#8243;][vc_column_text]<\/p>\n<h3 class=\"widget-title\">Das One Spirit Camp auf dem Himmelsfels<\/h3>\n<div class=\"textwidget\">\n<p>3 Tage haben Jugendliche aus den verschiedensten St\u00e4dten Deutschlands auf dem Himmelsfels in Spangenberg verbracht.<\/p>\n<p>Am ersten Tag sind nicht nur Jugendliche sondern auch deren Verwandte, Freunde, Nachbarn und sonstige Leute mit den verschiedensten Kulturen und mit Ausnahmen auch Religionen zusammengekommen und sangen auf dem Konzert, nahmen Teil an den unterschiedlichsten Workshops und tranken und a\u00dfen gemeinsam.<\/p>\n<p>Das Wetter verbreitete eine sch\u00f6ne Atmosph\u00e4re.<\/p>\n<p>Abends blieben dann die Jugendlichen zur\u00fcck und die anderen G\u00e4ste verlie\u00dfen den Himmelsfels. Die Jugendlichen a\u00dfen zusammen und dann wurden aus jeder vorhandenen Stadt ein paar Jugendliche in Zimmer aufgeteilt. Abschlie\u00dfend gab es am Abend noch ein Lagerfeuer bei dem Geschichten erz\u00e4hlt wurden und alle sich besser kennenlernten.<\/p>\n<p>Der n\u00e4chste Morgen begann dann mit dem SAM (Stille am Morgen) bei dem alle zusammen gebetet und f\u00fcr Gott gesungen haben. Danach a\u00df alle gemeinsam Fr\u00fchst\u00fcck. Nach ein wenig Freizeit versammelten sich alle zum BAM (Bibel am Mittag). Wir unterhielten uns \u00fcber eine Bibelstelle und es wurde mit modernen Geschichten verglichen und erkl\u00e4rt. Darauf arbeiteten wir an einem zuk\u00fcnftigen Projekt in Gruppen und bereiteten dann die Pr\u00e4sentation dieses Projektes vor. Darauf folgte Mittagessen und zu sp\u00e4terer Zeit, aufgrund des guten Wetters, sind dann alle gemeinsam in das Freibad gegangen und verbrachten eine sch\u00f6ne und unvergessliche Zeit.<\/p>\n<p>Zur\u00fcck auf dem Himmelsfels wurden die Jugendlichen mit einem \u201eDinner\u201c inklusive Dessert begr\u00fc\u00dft und die letzte Zeit wurde genossen. Anschlie\u00dfend gab es eine \u201eWorship Night\u201c bei der jeder aus sich raus gekommen ist, alle gemeinsam tanzte und sang und Gott Lob priese.<\/p>\n<p>Der n\u00e4chste Morgen verlief genauso wie der vorherige ab. Nach dem Mittagessen verabschiedeten sich die ersten St\u00e4dte. Tr\u00e4nen flossen, denn sehr viele neue Freundschaften wurden geschlossen.<\/p>\n<p>Ich habe mit anderen eine sehr sch\u00f6ne Zeit auf dem Himmelsfels<\/p>\n<p>verbracht und freue mich schon auf das n\u00e4chste Jahr.\u00a0&#x1f642;<\/p>\n<p>Von Marielle Diomande<\/p>\n<\/div>\n<p>[\/vc_column_text][\/vc_column][\/vc_row][\/vc_section]<\/p>\n","protected":false},"excerpt":{"rendered":"<p>[vc_section][vc_row][vc_column][vc_column_text] Le groupe de jeunes [\/vc_column_text][\/vc_column][\/vc_row][vc_row][vc_column width=&#8221;1\/3&#8243;][vc_single_image image=&#8221;1545&#8243; img_size=&#8221;full&#8221;][\/vc_column][vc_column width=&#8221;2\/3&#8243;][vc_column_text]Les jeunes se r\u00e9unissent tous les 3 ers samedis du mois. Nous sommes jeunes, nous suivons J\u00e9sus parce que nous l&#8217;aimons. Nous menons de nombreuses activit\u00e9s auxquelles nous t&#8217;invitons \u00e0 participer! Nos prochaines rencontres: Le samedi 27 octobre 2017 \u00e0 15h00 Kontakt: Nicky Nday 015784575844[\/vc_column_text][\/vc_column][\/vc_row][vc_row][vc_column width=&#8221;1\/3&#8243;][vc_single_image&#8230;<\/p>\n","protected":false},"author":4,"featured_media":0,"parent":0,"menu_order":0,"comment_status":"closed","ping_status":"closed","template":"","meta":{"_kadence_starter_templates_imported_post":false,"_kad_post_transparent":"","_kad_post_title":"","_kad_post_layout":"","_kad_post_sidebar_id":"","_kad_post_content_style":"","_kad_post_vertical_padding":"","_kad_post_feature":"","_kad_post_feature_position":"","_kad_post_header":false,"_kad_post_footer":false,"_kad_post_classname":"","footnotes":""},"class_list":["post-1549","page","type-page","status-publish","hentry"],"_links":{"self":[{"href":"https:\/\/cca-nations.org\/fr\/wp-json\/wp\/v2\/pages\/1549","targetHints":{"allow":["GET"]}}],"collection":[{"href":"https:\/\/cca-nations.org\/fr\/wp-json\/wp\/v2\/pages"}],"about":[{"href":"https:\/\/cca-nations.org\/fr\/wp-json\/wp\/v2\/types\/page"}],"author":[{"embeddable":true,"href":"https:\/\/cca-nations.org\/fr\/wp-json\/wp\/v2\/users\/4"}],"replies":[{"embeddable":true,"href":"https:\/\/cca-nations.org\/fr\/wp-json\/wp\/v2\/comments?post=1549"}],"version-history":[{"count":5,"href":"https:\/\/cca-nations.org\/fr\/wp-json\/wp\/v2\/pages\/1549\/revisions"}],"predecessor-version":[{"id":1756,"href":"https:\/\/cca-nations.org\/fr\/wp-json\/wp\/v2\/pages\/1549\/revisions\/1756"}],"wp:attachment":[{"href":"https:\/\/cca-nations.org\/fr\/wp-json\/wp\/v2\/media?parent=1549"}],"curies":[{"name":"wp","href":"https:\/\/api.w.org\/{rel}","templated":true}]}}