{"id":1550,"date":"2018-09-26T21:04:55","date_gmt":"2018-09-26T19:04:55","guid":{"rendered":"https:\/\/cca-nations.otaku.cloud\/?page_id=1550"},"modified":"2018-10-09T23:22:22","modified_gmt":"2018-10-09T21:22:22","slug":"kindergottesdienst","status":"publish","type":"page","link":"https:\/\/cca-nations.org\/fr\/kindergottesdienst\/","title":{"rendered":"\u00c9cole du Dimanche-Enfants"},"content":{"rendered":"<p>[vc_section][vc_row][vc_column][vc_column_text]<\/p>\n<h1 class=\"entry-title\" style=\"text-align: center;\">\u00c9cole du Dimanche-Enfants<\/h1>\n<p>[\/vc_column_text][\/vc_column][\/vc_row][vc_row][vc_column width=&#8221;1\/3&#8243;][vc_single_image image=&#8221;1540&#8243; img_size=&#8221;full&#8221;][\/vc_column][vc_column width=&#8221;2\/3&#8243;][vc_column_text]Nos tout-petits de 0 \u00e0 8 ans et nos enfants de 9 jusqu&#8217;\u00e0 12 ans ont aussi leur Service du Dimanche. Nous chantons, nous dansons, nous \u00e9coutons de la musique et des histoires bibliques. Parfois nous en illustrons certaines.<br \/>\nNous vous invitons \u00e0 amener vos enfants pour qu&#8217;ils jouissent aussi de ces agr\u00e9ables moments!<br \/>\nTous les Dimanches \u00e0 partir de 13.00H[\/vc_column_text][\/vc_column][\/vc_row][\/vc_section]<\/p>\n","protected":false},"excerpt":{"rendered":"<p>[vc_section][vc_row][vc_column][vc_column_text] \u00c9cole du Dimanche-Enfants [\/vc_column_text][\/vc_column][\/vc_row][vc_row][vc_column width=&#8221;1\/3&#8243;][vc_single_image image=&#8221;1540&#8243; img_size=&#8221;full&#8221;][\/vc_column][vc_column width=&#8221;2\/3&#8243;][vc_column_text]Nos tout-petits de 0 \u00e0 8 ans et nos enfants de 9 jusqu&#8217;\u00e0 12 ans ont aussi leur Service du Dimanche. Nous chantons, nous dansons, nous \u00e9coutons de la musique et des histoires bibliques. Parfois nous en illustrons certaines. Nous vous invitons \u00e0 amener vos enfants pour&#8230;<\/p>\n","protected":false},"author":4,"featured_media":0,"parent":0,"menu_order":0,"comment_status":"closed","ping_status":"closed","template":"","meta":{"_kadence_starter_templates_imported_post":false,"_kad_post_transparent":"","_kad_post_title":"","_kad_post_layout":"","_kad_post_sidebar_id":"","_kad_post_content_style":"","_kad_post_vertical_padding":"","_kad_post_feature":"","_kad_post_feature_position":"","_kad_post_header":false,"_kad_post_footer":false,"_kad_post_classname":"","footnotes":""},"class_list":["post-1550","page","type-page","status-publish","hentry"],"_links":{"self":[{"href":"https:\/\/cca-nations.org\/fr\/wp-json\/wp\/v2\/pages\/1550","targetHints":{"allow":["GET"]}}],"collection":[{"href":"https:\/\/cca-nations.org\/fr\/wp-json\/wp\/v2\/pages"}],"about":[{"href":"https:\/\/cca-nations.org\/fr\/wp-json\/wp\/v2\/types\/page"}],"author":[{"embeddable":true,"href":"https:\/\/cca-nations.org\/fr\/wp-json\/wp\/v2\/users\/4"}],"replies":[{"embeddable":true,"href":"https:\/\/cca-nations.org\/fr\/wp-json\/wp\/v2\/comments?post=1550"}],"version-history":[{"count":5,"href":"https:\/\/cca-nations.org\/fr\/wp-json\/wp\/v2\/pages\/1550\/revisions"}],"predecessor-version":[{"id":1755,"href":"https:\/\/cca-nations.org\/fr\/wp-json\/wp\/v2\/pages\/1550\/revisions\/1755"}],"wp:attachment":[{"href":"https:\/\/cca-nations.org\/fr\/wp-json\/wp\/v2\/media?parent=1550"}],"curies":[{"name":"wp","href":"https:\/\/api.w.org\/{rel}","templated":true}]}}