{"id":1551,"date":"2018-09-26T21:05:04","date_gmt":"2018-09-26T19:05:04","guid":{"rendered":"https:\/\/cca-nations.otaku.cloud\/?page_id=1551"},"modified":"2021-11-04T08:24:29","modified_gmt":"2021-11-04T07:24:29","slug":"frauengruppe","status":"publish","type":"page","link":"https:\/\/cca-nations.org\/fr\/frauengruppe\/","title":{"rendered":"Groupe des Femmes"},"content":{"rendered":"<p>[vc_section][vc_row][vc_column][vc_column_text]<\/p>\n<h1 class=\"entry-title\" style=\"text-align: center;\">Groupe des Femmes<\/h1>\n<p>[\/vc_column_text][\/vc_column][\/vc_row][vc_row][vc_column width=&#8221;1\/3&#8243;][vc_single_image image=&#8221;1546&#8243; img_size=&#8221;full&#8221;][\/vc_column][vc_column width=&#8221;2\/3&#8243;][vc_column_text]Nous sommes un groupe des femmes des diff\u00e9rentes nations et des diff\u00e9rentes cultures.<br \/>\nNous nous r\u00e9unissons une fois par mois, le 2es samedi du mois de 11 \u00e0 13 heures autour d\u2019un petit d\u00e9jeuner ou une autre activit\u00e9 pour nous \u00e9changer.<br \/>\nLa joie et l\u2019amour de J\u00e9sus Christ et ses paroles sont notre motivation.<br \/>\nNous t\u2019invitons \u00e0 les partager avec nous et \u00e0 d\u00e9couvrir des nouvelles choses et aller au-del\u00e0 de tes limites.<br \/>\nContact : Marie-Vivianne Ondo 0159 06042703[\/vc_column_text][\/vc_column][\/vc_row][\/vc_section]<\/p>\n","protected":false},"excerpt":{"rendered":"<p>[vc_section][vc_row][vc_column][vc_column_text] Groupe des Femmes [\/vc_column_text][\/vc_column][\/vc_row][vc_row][vc_column width=&#8221;1\/3&#8243;][vc_single_image image=&#8221;1546&#8243; img_size=&#8221;full&#8221;][\/vc_column][vc_column width=&#8221;2\/3&#8243;][vc_column_text]Nous sommes un groupe des femmes des diff\u00e9rentes nations et des diff\u00e9rentes cultures. Nous nous r\u00e9unissons une fois par mois, le 2es samedi du mois de 11 \u00e0 13 heures autour d\u2019un petit d\u00e9jeuner ou une autre activit\u00e9 pour nous \u00e9changer. La joie et l\u2019amour de J\u00e9sus&#8230;<\/p>\n","protected":false},"author":4,"featured_media":0,"parent":0,"menu_order":0,"comment_status":"closed","ping_status":"closed","template":"","meta":{"_kadence_starter_templates_imported_post":false,"_kad_post_transparent":"","_kad_post_title":"","_kad_post_layout":"","_kad_post_sidebar_id":"","_kad_post_content_style":"","_kad_post_vertical_padding":"","_kad_post_feature":"","_kad_post_feature_position":"","_kad_post_header":false,"_kad_post_footer":false,"_kad_post_classname":"","footnotes":""},"class_list":["post-1551","page","type-page","status-publish","hentry"],"_links":{"self":[{"href":"https:\/\/cca-nations.org\/fr\/wp-json\/wp\/v2\/pages\/1551","targetHints":{"allow":["GET"]}}],"collection":[{"href":"https:\/\/cca-nations.org\/fr\/wp-json\/wp\/v2\/pages"}],"about":[{"href":"https:\/\/cca-nations.org\/fr\/wp-json\/wp\/v2\/types\/page"}],"author":[{"embeddable":true,"href":"https:\/\/cca-nations.org\/fr\/wp-json\/wp\/v2\/users\/4"}],"replies":[{"embeddable":true,"href":"https:\/\/cca-nations.org\/fr\/wp-json\/wp\/v2\/comments?post=1551"}],"version-history":[{"count":5,"href":"https:\/\/cca-nations.org\/fr\/wp-json\/wp\/v2\/pages\/1551\/revisions"}],"predecessor-version":[{"id":2143,"href":"https:\/\/cca-nations.org\/fr\/wp-json\/wp\/v2\/pages\/1551\/revisions\/2143"}],"wp:attachment":[{"href":"https:\/\/cca-nations.org\/fr\/wp-json\/wp\/v2\/media?parent=1551"}],"curies":[{"name":"wp","href":"https:\/\/api.w.org\/{rel}","templated":true}]}}