{"id":1552,"date":"2018-09-26T21:05:12","date_gmt":"2018-09-26T19:05:12","guid":{"rendered":"https:\/\/cca-nations.otaku.cloud\/?page_id=1552"},"modified":"2021-11-04T08:25:42","modified_gmt":"2021-11-04T07:25:42","slug":"maennergruppe","status":"publish","type":"page","link":"https:\/\/cca-nations.org\/fr\/maennergruppe\/","title":{"rendered":"Groupe des hommes"},"content":{"rendered":"<p>[vc_section][vc_row][vc_column][vc_column_text]<\/p>\n<h1 class=\"entry-title\" style=\"text-align: center;\">Groupe des hommes<\/h1>\n<p>[\/vc_column_text][\/vc_column][\/vc_row][vc_row][vc_column width=&#8221;1\/3&#8243;][vc_single_image image=&#8221;1542&#8243; img_size=&#8221;full&#8221;][\/vc_column][vc_column width=&#8221;2\/3&#8243;][vc_column_text]<\/p>\n<p class=\"entry-title\">Se veut un cadre d\u2019information et d\u2019\u00e9changes entre hommes et homme.<br \/>\nNous nous r\u00e9unissons une \u00e0 deux fois par mois afin de se soutenir dans la parole de Dieu, faire des activit\u00e9s sportives et autres.<br \/>\nL\u2019amour du Seigneur J\u00e9sus Christ est notre motivation.<br \/>\nNous t\u2019invitons \u00e0 la partager avec nous.<br \/>\nContact : Rigobert Bashishua 015218684117<\/p>\n<p>[\/vc_column_text][\/vc_column][\/vc_row][\/vc_section]<\/p>\n","protected":false},"excerpt":{"rendered":"<p>[vc_section][vc_row][vc_column][vc_column_text] Groupe des hommes [\/vc_column_text][\/vc_column][\/vc_row][vc_row][vc_column width=&#8221;1\/3&#8243;][vc_single_image image=&#8221;1542&#8243; img_size=&#8221;full&#8221;][\/vc_column][vc_column width=&#8221;2\/3&#8243;][vc_column_text] Se veut un cadre d\u2019information et d\u2019\u00e9changes entre hommes et homme. Nous nous r\u00e9unissons une \u00e0 deux fois par mois afin de se soutenir dans la parole de Dieu, faire des activit\u00e9s sportives et autres. L\u2019amour du Seigneur J\u00e9sus Christ est notre motivation. Nous t\u2019invitons \u00e0&#8230;<\/p>\n","protected":false},"author":4,"featured_media":0,"parent":0,"menu_order":0,"comment_status":"closed","ping_status":"closed","template":"","meta":{"_kadence_starter_templates_imported_post":false,"_kad_post_transparent":"","_kad_post_title":"","_kad_post_layout":"","_kad_post_sidebar_id":"","_kad_post_content_style":"","_kad_post_vertical_padding":"","_kad_post_feature":"","_kad_post_feature_position":"","_kad_post_header":false,"_kad_post_footer":false,"_kad_post_classname":"","footnotes":""},"class_list":["post-1552","page","type-page","status-publish","hentry"],"_links":{"self":[{"href":"https:\/\/cca-nations.org\/fr\/wp-json\/wp\/v2\/pages\/1552","targetHints":{"allow":["GET"]}}],"collection":[{"href":"https:\/\/cca-nations.org\/fr\/wp-json\/wp\/v2\/pages"}],"about":[{"href":"https:\/\/cca-nations.org\/fr\/wp-json\/wp\/v2\/types\/page"}],"author":[{"embeddable":true,"href":"https:\/\/cca-nations.org\/fr\/wp-json\/wp\/v2\/users\/4"}],"replies":[{"embeddable":true,"href":"https:\/\/cca-nations.org\/fr\/wp-json\/wp\/v2\/comments?post=1552"}],"version-history":[{"count":5,"href":"https:\/\/cca-nations.org\/fr\/wp-json\/wp\/v2\/pages\/1552\/revisions"}],"predecessor-version":[{"id":2144,"href":"https:\/\/cca-nations.org\/fr\/wp-json\/wp\/v2\/pages\/1552\/revisions\/2144"}],"wp:attachment":[{"href":"https:\/\/cca-nations.org\/fr\/wp-json\/wp\/v2\/media?parent=1552"}],"curies":[{"name":"wp","href":"https:\/\/api.w.org\/{rel}","templated":true}]}}