{"id":1553,"date":"2018-09-26T21:05:47","date_gmt":"2018-09-26T19:05:47","guid":{"rendered":"https:\/\/cca-nations.otaku.cloud\/?page_id=1553"},"modified":"2025-10-13T14:19:49","modified_gmt":"2025-10-13T12:19:49","slug":"gottesdienst","status":"publish","type":"page","link":"https:\/\/cca-nations.org\/fr\/gottesdienst\/","title":{"rendered":"Le culte"},"content":{"rendered":"<p>[vc_section][vc_row][vc_column][vc_column_text]<\/p>\n<h1 class=\"entry-title\" style=\"text-align: center;\">Le culte<\/h1>\n<p>[\/vc_column_text][\/vc_column][\/vc_row][vc_row][vc_column width=&#8221;1\/3&#8243;][vc_single_image image=&#8221;887&#8243; img_size=&#8221;full&#8221;][\/vc_column][vc_column width=&#8221;2\/3&#8243;][vc_column_text]Nous nous r\u00e9unissons tous les dimanches \u00e0 14h00 pour adorer notre Seigneur avec nos chants et nos pri\u00e8res et pour \u00e9couter la parole que Dieu nous adresse par ses serviteurs<\/p>\n<p><strong>vous avez aussi la possibilit\u00e9 de suivre nos cultes en ligne sur YouTube (centre chr\u00e9tien agape). Vous \u00eates cordialement invit\u00e9s \u00e0 faire part. Merci !!<\/strong><\/p>\n<p><strong>Le culte de famille:<\/strong><\/p>\n<p>chaque 1er dimanche du mois \u00e0 14h00 nous c\u00e9l\u00e9brons notre culte de famille. Nous nous retrouvons tous apr\u00e8s le service pour partager la nourriture que chacun de nous a pr\u00e9par\u00e9es.<\/p>\n<p>Adresse:<\/p>\n<p>Evangelische Kirchengemeinde Epiphanien<\/p>\n<p>Epiphanienweg 2<\/p>\n<p><span style=\"font-size: 1rem;\">14059 Berlin<\/span>[\/vc_column_text][\/vc_column][\/vc_row][\/vc_section]<\/p>\n","protected":false},"excerpt":{"rendered":"<p>[vc_section][vc_row][vc_column][vc_column_text] Le culte [\/vc_column_text][\/vc_column][\/vc_row][vc_row][vc_column width=&#8221;1\/3&#8243;][vc_single_image image=&#8221;887&#8243; img_size=&#8221;full&#8221;][\/vc_column][vc_column width=&#8221;2\/3&#8243;][vc_column_text]Nous nous r\u00e9unissons tous les dimanches \u00e0 14h00 pour adorer notre Seigneur avec nos chants et nos pri\u00e8res et pour \u00e9couter la parole que Dieu nous adresse par ses serviteurs vous avez aussi la possibilit\u00e9 de suivre nos cultes en ligne sur YouTube (centre chr\u00e9tien agape). Vous \u00eates&#8230;<\/p>\n","protected":false},"author":4,"featured_media":0,"parent":0,"menu_order":0,"comment_status":"closed","ping_status":"closed","template":"","meta":{"_kadence_starter_templates_imported_post":false,"_kad_post_transparent":"default","_kad_post_title":"default","_kad_post_layout":"default","_kad_post_sidebar_id":"","_kad_post_content_style":"default","_kad_post_vertical_padding":"default","_kad_post_feature":"","_kad_post_feature_position":"","_kad_post_header":false,"_kad_post_footer":false,"_kad_post_classname":"","footnotes":""},"class_list":["post-1553","page","type-page","status-publish","hentry"],"_links":{"self":[{"href":"https:\/\/cca-nations.org\/fr\/wp-json\/wp\/v2\/pages\/1553","targetHints":{"allow":["GET"]}}],"collection":[{"href":"https:\/\/cca-nations.org\/fr\/wp-json\/wp\/v2\/pages"}],"about":[{"href":"https:\/\/cca-nations.org\/fr\/wp-json\/wp\/v2\/types\/page"}],"author":[{"embeddable":true,"href":"https:\/\/cca-nations.org\/fr\/wp-json\/wp\/v2\/users\/4"}],"replies":[{"embeddable":true,"href":"https:\/\/cca-nations.org\/fr\/wp-json\/wp\/v2\/comments?post=1553"}],"version-history":[{"count":7,"href":"https:\/\/cca-nations.org\/fr\/wp-json\/wp\/v2\/pages\/1553\/revisions"}],"predecessor-version":[{"id":2407,"href":"https:\/\/cca-nations.org\/fr\/wp-json\/wp\/v2\/pages\/1553\/revisions\/2407"}],"wp:attachment":[{"href":"https:\/\/cca-nations.org\/fr\/wp-json\/wp\/v2\/media?parent=1553"}],"curies":[{"name":"wp","href":"https:\/\/api.w.org\/{rel}","templated":true}]}}