{"id":1682,"date":"2018-10-09T08:45:55","date_gmt":"2018-10-09T06:45:55","guid":{"rendered":"https:\/\/cca-nations.otaku.cloud\/?page_id=1682"},"modified":"2021-03-10T08:17:07","modified_gmt":"2021-03-10T07:17:07","slug":"fuerbitte","status":"publish","type":"page","link":"https:\/\/cca-nations.org\/fr\/fuerbitte\/","title":{"rendered":"Pri\u00e8re d\u2019intercession"},"content":{"rendered":"<p>[vc_row][vc_column][vc_column_text]<\/p>\n<h1 style=\"text-align: center;\">Pri\u00e8re d\u2019intercession<\/h1>\n<p>[\/vc_column_text][\/vc_column][\/vc_row][vc_row][vc_column width=&#8221;1\/2&#8243;][vc_single_image image=&#8221;435&#8243; img_size=&#8221;full&#8221;][\/vc_column][vc_column width=&#8221;1\/2&#8243;][vc_column_text]<strong>Pri\u00e8re d\u2019intercession<\/strong><br \/>\nVendredi, 19h-21h<br \/>\nJ\u00e9sus Christ dit: Demandez et l&#8217;on vous donnera. C&#8217;est ce que dit la parole de Dieu dans Matthieu 7 verset 7:<\/p>\n<p>Nous croyons que notre Dieu est un Dieu qui exauce les pri\u00e8res et qu&#8217;Il le fait avec plaisir.<\/p>\n<p>C&#8217;est ce qu&#8217;il nous a promis dans sa parole, la Bible et nous n&#8217;avons fait que de bonnes exp\u00e9riences en ce qui concerne cela.<\/p>\n<p>C&#8217;est pour cette raison que nous nous rencontrons une fois par semaine pour prier ensemble. Pour commencer nous lisons une parole sans la Bible qui nous r\u00e9v\u00e8le soit la grandeur et la puissance de Dieu ou l&#8217;une des nombreuses promesses qu&#8217;il nous a faites. Ensuite nous louons Dieu par des cantiques et nous l&#8217;adorons car dans la Bible il est \u00e9crit qu&#8217;il si\u00e8ge dans &#8220;la louange de son peuple &#8221; (Psaume 22 verset 4). Cela signifie que Dieu est au milieu de nous. Et nous croyons \u00e9galement que son Esprit habite au milieu de nous.<\/p>\n<p>Apr\u00e8s nous prions pot diff\u00e9rents sujets sous la direction du pasteur ou de celui qui dirige la pri\u00e8re. Nous appelons cela pri\u00e8re d&#8217;intercession.<\/p>\n<p>Nous prions pour l&#8217;\u00e9glise, pour les malades, pour ceux qui sont seuls, pour des personnes qui traversent des situations difficiles ainsi que pour des th\u00e8mes actuels.<\/p>\n<p>Souvent nous recevons des t\u00e9moignages pour les cas o\u00f9 Dieu a exauc\u00e9 une pri\u00e8re. C&#8217;est grande joie pour nous et nous rendons gr\u00e2ce au Seigneur.<\/p>\n<p>Ces moments de pri\u00e8re sont encourageant et ils nous aident \u00e0 comprendre ou de r\u00e9aliser que Dieu est pr\u00e9sent dans nos vies et que \u00e7a vaut le coup de prier.<\/p>\n<p>Nous t\u2019invitons \u00e0 venir prier avec nous. Il y a aussi la possibilit\u00e9 de nous faire parvenir ta requ\u00eate (ta pri\u00e8re) via E-Mail.[\/vc_column_text][\/vc_column][\/vc_row]<\/p>\n","protected":false},"excerpt":{"rendered":"<p>[vc_row][vc_column][vc_column_text] Pri\u00e8re d\u2019intercession [\/vc_column_text][\/vc_column][\/vc_row][vc_row][vc_column width=&#8221;1\/2&#8243;][vc_single_image image=&#8221;435&#8243; img_size=&#8221;full&#8221;][\/vc_column][vc_column width=&#8221;1\/2&#8243;][vc_column_text]Pri\u00e8re d\u2019intercession Vendredi, 19h-21h J\u00e9sus Christ dit: Demandez et l&#8217;on vous donnera. C&#8217;est ce que dit la parole de Dieu dans Matthieu 7 verset 7: Nous croyons que notre Dieu est un Dieu qui exauce les pri\u00e8res et qu&#8217;Il le fait avec plaisir. C&#8217;est ce qu&#8217;il nous a&#8230;<\/p>\n","protected":false},"author":4,"featured_media":0,"parent":0,"menu_order":0,"comment_status":"closed","ping_status":"closed","template":"","meta":{"_kadence_starter_templates_imported_post":false,"_kad_post_transparent":"","_kad_post_title":"","_kad_post_layout":"","_kad_post_sidebar_id":"","_kad_post_content_style":"","_kad_post_vertical_padding":"","_kad_post_feature":"","_kad_post_feature_position":"","_kad_post_header":false,"_kad_post_footer":false,"_kad_post_classname":"","footnotes":""},"class_list":["post-1682","page","type-page","status-publish","hentry"],"_links":{"self":[{"href":"https:\/\/cca-nations.org\/fr\/wp-json\/wp\/v2\/pages\/1682","targetHints":{"allow":["GET"]}}],"collection":[{"href":"https:\/\/cca-nations.org\/fr\/wp-json\/wp\/v2\/pages"}],"about":[{"href":"https:\/\/cca-nations.org\/fr\/wp-json\/wp\/v2\/types\/page"}],"author":[{"embeddable":true,"href":"https:\/\/cca-nations.org\/fr\/wp-json\/wp\/v2\/users\/4"}],"replies":[{"embeddable":true,"href":"https:\/\/cca-nations.org\/fr\/wp-json\/wp\/v2\/comments?post=1682"}],"version-history":[{"count":5,"href":"https:\/\/cca-nations.org\/fr\/wp-json\/wp\/v2\/pages\/1682\/revisions"}],"predecessor-version":[{"id":1760,"href":"https:\/\/cca-nations.org\/fr\/wp-json\/wp\/v2\/pages\/1682\/revisions\/1760"}],"wp:attachment":[{"href":"https:\/\/cca-nations.org\/fr\/wp-json\/wp\/v2\/media?parent=1682"}],"curies":[{"name":"wp","href":"https:\/\/api.w.org\/{rel}","templated":true}]}}