{"id":1683,"date":"2018-10-09T08:46:18","date_gmt":"2018-10-09T06:46:18","guid":{"rendered":"https:\/\/cca-nations.otaku.cloud\/?page_id=1683"},"modified":"2025-03-25T17:00:00","modified_gmt":"2025-03-25T16:00:00","slug":"bibelkreis","status":"publish","type":"page","link":"https:\/\/cca-nations.org\/fr\/bibelkreis\/","title":{"rendered":"\u00c9tude Biblique"},"content":{"rendered":"<p>[vc_row][vc_column][vc_column_text]<\/p>\n<h1 style=\"text-align: center;\">\u00c9tude Biblique<\/h1>\n<p>[\/vc_column_text][\/vc_column][\/vc_row][vc_row][vc_column width=&#8221;1\/2&#8243;][vc_single_image image=&#8221;434&#8243; img_size=&#8221;full&#8221;][\/vc_column][vc_column width=&#8221;1\/2&#8243;][vc_column_text]<strong>\u00c9tude Biblique<\/strong><br \/>\nMardi, 19h00<br \/>\nChaque deux semaine nous nous retrouvons pour l&#8217;\u00e9tude biblique.<br \/>\nC&#8217;est un moment lors duquel nous \u00e9tudions la Bible, c&#8217;est-\u00e0-dire la parole de Dieu. L&#8217;\u00e9tude est dirig\u00e9e par le pasteur. Il lit un texte tir\u00e9 de la Bible qui est souvent en rapport ou en relation avec la pr\u00e9dication du dimanche pr\u00e9c\u00e9dent ou tu th\u00e8me de l&#8217;ann\u00e9e.<br \/>\nApr\u00e8s cela il est temps pour des questions.<br \/>\nSouvent le pasteur lui-m\u00eame pose des questions pour ramener les versets dans le contexte de notre vie r\u00e9elle: qu&#8217;est-ce que cela signifie pour nous aujourd&#8217;hui?\u00a0 Comment Dieu peut-il nous aider et nous conduire? Quels sont les questions que je me pose par rapport \u00e0 cela?<br \/>\nPar le libre-\u00e9change nous apprenons beaucoup sur la parole de Dieu, nous sommes \u00e9difi\u00e9s par les t\u00e9moignages de l&#8217;un ou l&#8217;autre qui a d\u00e9j\u00e0 v\u00e9cu la parole du Seigneur dans sa vie quotidienne.<br \/>\nC&#8217;est encourageant et des fois cela peut aider pour la vie personnelle. Nous rions aussi beaucoup durant ces partages.<\/p>\n<p>Nous t&#8217;invitons \u00e0 y prendre part\/participer.[\/vc_column_text][\/vc_column][\/vc_row]<\/p>\n","protected":false},"excerpt":{"rendered":"<p>[vc_row][vc_column][vc_column_text] \u00c9tude Biblique [\/vc_column_text][\/vc_column][\/vc_row][vc_row][vc_column width=&#8221;1\/2&#8243;][vc_single_image image=&#8221;434&#8243; img_size=&#8221;full&#8221;][\/vc_column][vc_column width=&#8221;1\/2&#8243;][vc_column_text]\u00c9tude Biblique Mardi, 19h00 Chaque deux semaine nous nous retrouvons pour l&#8217;\u00e9tude biblique. C&#8217;est un moment lors duquel nous \u00e9tudions la Bible, c&#8217;est-\u00e0-dire la parole de Dieu. L&#8217;\u00e9tude est dirig\u00e9e par le pasteur. Il lit un texte tir\u00e9 de la Bible qui est souvent en rapport ou en&#8230;<\/p>\n","protected":false},"author":4,"featured_media":0,"parent":0,"menu_order":0,"comment_status":"closed","ping_status":"closed","template":"","meta":{"_kadence_starter_templates_imported_post":false,"_kad_post_transparent":"","_kad_post_title":"","_kad_post_layout":"","_kad_post_sidebar_id":"","_kad_post_content_style":"","_kad_post_vertical_padding":"","_kad_post_feature":"","_kad_post_feature_position":"","_kad_post_header":false,"_kad_post_footer":false,"_kad_post_classname":"","footnotes":""},"class_list":["post-1683","page","type-page","status-publish","hentry"],"_links":{"self":[{"href":"https:\/\/cca-nations.org\/fr\/wp-json\/wp\/v2\/pages\/1683","targetHints":{"allow":["GET"]}}],"collection":[{"href":"https:\/\/cca-nations.org\/fr\/wp-json\/wp\/v2\/pages"}],"about":[{"href":"https:\/\/cca-nations.org\/fr\/wp-json\/wp\/v2\/types\/page"}],"author":[{"embeddable":true,"href":"https:\/\/cca-nations.org\/fr\/wp-json\/wp\/v2\/users\/4"}],"replies":[{"embeddable":true,"href":"https:\/\/cca-nations.org\/fr\/wp-json\/wp\/v2\/comments?post=1683"}],"version-history":[{"count":7,"href":"https:\/\/cca-nations.org\/fr\/wp-json\/wp\/v2\/pages\/1683\/revisions"}],"predecessor-version":[{"id":2412,"href":"https:\/\/cca-nations.org\/fr\/wp-json\/wp\/v2\/pages\/1683\/revisions\/2412"}],"wp:attachment":[{"href":"https:\/\/cca-nations.org\/fr\/wp-json\/wp\/v2\/media?parent=1683"}],"curies":[{"name":"wp","href":"https:\/\/api.w.org\/{rel}","templated":true}]}}